{"id":259,"date":"2017-03-14T14:30:02","date_gmt":"2017-03-14T13:30:02","guid":{"rendered":"http:\/\/grundschule-tettens.de\/wordpress\/?page_id=259"},"modified":"2023-06-19T08:35:05","modified_gmt":"2023-06-19T06:35:05","slug":"sportzeug","status":"publish","type":"page","link":"http:\/\/www.grundschule-tettens.de\/wordpress\/schultag\/sportzeug\/","title":{"rendered":"Kleidung"},"content":{"rendered":"<h5>Sportkleidung<\/h5>\n<p>Bitte sorgen Sie daf\u00fcr, dass Ihr Kind an den Sporttagen eine Sporthose, ein T-Shirt und Sportschuhe dabei hat. Ohne Sportkleidung darf Ihr Kind nicht am Sportunterricht teilnehmen.<\/p>\n<h5>Wechselsachen<\/h5>\n<p>In der nassen Jahreszeit ist es g\u00fcnstig, Wechselsachen (Str\u00fcmpfe, Hose, Unterhose), sowie wetterfeste Bekleidung in der Schule zu haben. Diese k\u00f6nnen in einer Stofftasche am Haken Ihres Kindes aufbewahrt werden.<\/p>\n","protected":false},"excerpt":{"rendered":"<p>Sportkleidung Bitte sorgen Sie daf\u00fcr, dass Ihr Kind an den Sporttagen eine Sporthose, ein T-Shirt und Sportschuhe dabei hat. Ohne Sportkleidung darf Ihr Kind nicht am Sportunterricht teilnehmen. Wechselsachen In der nassen Jahreszeit ist es g\u00fcnstig, Wechselsachen (Str\u00fcmpfe, Hose, Unterhose), sowie wetterfeste Bekleidung in der Schule zu haben. Diese k\u00f6nnen in einer Stofftasche am Haken &hellip; <\/p>\n<p><a class=\"more-link btn\" href=\"http:\/\/www.grundschule-tettens.de\/wordpress\/schultag\/sportzeug\/\">Weiterlesen<\/a><\/p>\n","protected":false},"author":8,"featured_media":0,"parent":241,"menu_order":8,"comment_status":"closed","ping_status":"closed","template":"","meta":{"footnotes":""},"class_list":["post-259","page","type-page","status-publish","hentry","nodate","item-wrap"],"_links":{"self":[{"href":"http:\/\/www.grundschule-tettens.de\/wordpress\/wp-json\/wp\/v2\/pages\/259","targetHints":{"allow":["GET"]}}],"collection":[{"href":"http:\/\/www.grundschule-tettens.de\/wordpress\/wp-json\/wp\/v2\/pages"}],"about":[{"href":"http:\/\/www.grundschule-tettens.de\/wordpress\/wp-json\/wp\/v2\/types\/page"}],"author":[{"embeddable":true,"href":"http:\/\/www.grundschule-tettens.de\/wordpress\/wp-json\/wp\/v2\/users\/8"}],"replies":[{"embeddable":true,"href":"http:\/\/www.grundschule-tettens.de\/wordpress\/wp-json\/wp\/v2\/comments?post=259"}],"version-history":[{"count":4,"href":"http:\/\/www.grundschule-tettens.de\/wordpress\/wp-json\/wp\/v2\/pages\/259\/revisions"}],"predecessor-version":[{"id":1054,"href":"http:\/\/www.grundschule-tettens.de\/wordpress\/wp-json\/wp\/v2\/pages\/259\/revisions\/1054"}],"up":[{"embeddable":true,"href":"http:\/\/www.grundschule-tettens.de\/wordpress\/wp-json\/wp\/v2\/pages\/241"}],"wp:attachment":[{"href":"http:\/\/www.grundschule-tettens.de\/wordpress\/wp-json\/wp\/v2\/media?parent=259"}],"curies":[{"name":"wp","href":"https:\/\/api.w.org\/{rel}","templated":true}]}}