{"id":265,"date":"2017-03-14T14:34:18","date_gmt":"2017-03-14T13:34:18","guid":{"rendered":"http:\/\/grundschule-tettens.de\/wordpress\/?page_id=265"},"modified":"2023-06-19T08:35:55","modified_gmt":"2023-06-19T06:35:55","slug":"ordnung","status":"publish","type":"page","link":"http:\/\/www.grundschule-tettens.de\/wordpress\/schultag\/ordnung\/","title":{"rendered":"Ordnung"},"content":{"rendered":"<p>F\u00fcr die Kinder ist es besonders in der ersten Zeit nicht immer ganz leicht, die vielen neuen Schuldinge in Ordnung zu halten. Bitte helfen Sie Ihrem Kind, indem Sie regelm\u00e4\u00dfig gemeinsam die Schultasche aufr\u00e4umen und die Postmappe leeren.<\/p>\n","protected":false},"excerpt":{"rendered":"<p>F\u00fcr die Kinder ist es besonders in der ersten Zeit nicht immer ganz leicht, die vielen neuen Schuldinge in Ordnung zu halten. Bitte helfen Sie Ihrem Kind, indem Sie regelm\u00e4\u00dfig gemeinsam die Schultasche aufr\u00e4umen und die Postmappe leeren.<\/p>\n","protected":false},"author":8,"featured_media":0,"parent":241,"menu_order":9,"comment_status":"closed","ping_status":"closed","template":"","meta":{"footnotes":""},"class_list":["post-265","page","type-page","status-publish","hentry","nodate","item-wrap"],"_links":{"self":[{"href":"http:\/\/www.grundschule-tettens.de\/wordpress\/wp-json\/wp\/v2\/pages\/265","targetHints":{"allow":["GET"]}}],"collection":[{"href":"http:\/\/www.grundschule-tettens.de\/wordpress\/wp-json\/wp\/v2\/pages"}],"about":[{"href":"http:\/\/www.grundschule-tettens.de\/wordpress\/wp-json\/wp\/v2\/types\/page"}],"author":[{"embeddable":true,"href":"http:\/\/www.grundschule-tettens.de\/wordpress\/wp-json\/wp\/v2\/users\/8"}],"replies":[{"embeddable":true,"href":"http:\/\/www.grundschule-tettens.de\/wordpress\/wp-json\/wp\/v2\/comments?post=265"}],"version-history":[{"count":2,"href":"http:\/\/www.grundschule-tettens.de\/wordpress\/wp-json\/wp\/v2\/pages\/265\/revisions"}],"predecessor-version":[{"id":933,"href":"http:\/\/www.grundschule-tettens.de\/wordpress\/wp-json\/wp\/v2\/pages\/265\/revisions\/933"}],"up":[{"embeddable":true,"href":"http:\/\/www.grundschule-tettens.de\/wordpress\/wp-json\/wp\/v2\/pages\/241"}],"wp:attachment":[{"href":"http:\/\/www.grundschule-tettens.de\/wordpress\/wp-json\/wp\/v2\/media?parent=265"}],"curies":[{"name":"wp","href":"https:\/\/api.w.org\/{rel}","templated":true}]}}