{"id":100,"date":"2015-10-07T13:40:54","date_gmt":"2015-10-07T11:40:54","guid":{"rendered":"http:\/\/grundschule-tettens.de\/wordpress\/?page_id=100"},"modified":"2024-02-14T16:41:28","modified_gmt":"2024-02-14T15:41:28","slug":"startseite","status":"publish","type":"page","link":"https:\/\/www.grundschule-tettens.de\/wordpress\/","title":{"rendered":"Startseite"},"content":{"rendered":"\n<h4 class=\"wp-block-heading\"><strong>Willkommen auf der Homepage der <\/strong><strong>Tetta von Oldersum Schule!<\/strong><\/h4>\n\n\n\n<p>Deutschlands gr\u00fcnster Grundschule (Auszeichnung 2021)<br><br>Wir sind <strong>Umweltschule in Europa<\/strong>, beteiligen uns am <strong>nieders\u00e4chsischem Schulobstprogramm<\/strong> und <strong>Mitglied des Kooperationsverbunds zur F\u00f6rderung besonderer Begabung &#8211; Friesland<\/strong> <strong>1<\/strong>.<\/p>\n\n\n\n<figure class=\"wp-block-gallery has-nested-images columns-default wp-block-gallery-1 is-layout-flex wp-block-gallery-is-layout-flex\"><div class=\"wp-block-image\">\n<figure class=\"aligncenter size-full\"><a href=\"https:\/\/www.lbv.de\/umweltbildung\/fuer-schulen\/umweltschule-in-europa\/\" target=\"_blank\" rel=\"noreferrer noopener\"><img loading=\"lazy\" decoding=\"async\" width=\"198\" height=\"198\" data-id=\"1308\" src=\"http:\/\/www.grundschule-tettens.de\/wordpress\/wp-content\/uploads\/2023\/06\/USE_INS_LOGO3.jpg\" alt=\"\" class=\"wp-image-1308\" srcset=\"https:\/\/www.grundschule-tettens.de\/wordpress\/wp-content\/uploads\/2023\/06\/USE_INS_LOGO3.jpg 198w, https:\/\/www.grundschule-tettens.de\/wordpress\/wp-content\/uploads\/2023\/06\/USE_INS_LOGO3-150x150.jpg 150w\" sizes=\"auto, (max-width: 198px) 100vw, 198px\" \/><\/a><\/figure><\/div>\n\n<div class=\"wp-block-image\">\n<figure class=\"aligncenter size-full\"><a href=\"https:\/\/www.schulprogramm.niedersachsen.de\/\" target=\"_blank\" rel=\"noreferrer noopener\"><img loading=\"lazy\" decoding=\"async\" width=\"283\" height=\"283\" data-id=\"1311\" src=\"http:\/\/www.grundschule-tettens.de\/wordpress\/wp-content\/uploads\/2023\/06\/EU-Schulprogramm.jpg\" alt=\"\" class=\"wp-image-1311\" srcset=\"https:\/\/www.grundschule-tettens.de\/wordpress\/wp-content\/uploads\/2023\/06\/EU-Schulprogramm.jpg 283w, https:\/\/www.grundschule-tettens.de\/wordpress\/wp-content\/uploads\/2023\/06\/EU-Schulprogramm-150x150.jpg 150w\" sizes=\"auto, (max-width: 283px) 100vw, 283px\" \/><\/a><\/figure><\/div>\n\n\n<figure class=\"wp-block-image size-full\"><a href=\"https:\/\/www.grundschule-tettens.de\/wordpress\/wp-content\/uploads\/2024\/02\/I_gen-Bild-1.jpeg\"><img loading=\"lazy\" decoding=\"async\" width=\"881\" height=\"678\" data-id=\"1407\" src=\"https:\/\/www.grundschule-tettens.de\/wordpress\/wp-content\/uploads\/2024\/02\/I_gen-Bild-1.jpeg\" alt=\"\" class=\"wp-image-1407\" srcset=\"https:\/\/www.grundschule-tettens.de\/wordpress\/wp-content\/uploads\/2024\/02\/I_gen-Bild-1.jpeg 881w, https:\/\/www.grundschule-tettens.de\/wordpress\/wp-content\/uploads\/2024\/02\/I_gen-Bild-1-300x231.jpeg 300w, https:\/\/www.grundschule-tettens.de\/wordpress\/wp-content\/uploads\/2024\/02\/I_gen-Bild-1-768x591.jpeg 768w, https:\/\/www.grundschule-tettens.de\/wordpress\/wp-content\/uploads\/2024\/02\/I_gen-Bild-1-750x577.jpeg 750w\" sizes=\"auto, (max-width: 881px) 100vw, 881px\" \/><\/a><\/figure>\n<\/figure>\n","protected":false},"excerpt":{"rendered":"<p>Willkommen auf der Homepage der Tetta von Oldersum Schule! Deutschlands gr\u00fcnster Grundschule (Auszeichnung 2021) Wir sind Umweltschule in Europa, beteiligen uns am nieders\u00e4chsischem Schulobstprogramm und Mitglied des Kooperationsverbunds zur F\u00f6rderung besonderer Begabung &#8211; Friesland 1.<\/p>\n","protected":false},"author":1,"featured_media":0,"parent":0,"menu_order":1,"comment_status":"closed","ping_status":"closed","template":"","meta":{"footnotes":""},"class_list":["post-100","page","type-page","status-publish","hentry","nodate","item-wrap"],"_links":{"self":[{"href":"https:\/\/www.grundschule-tettens.de\/wordpress\/wp-json\/wp\/v2\/pages\/100","targetHints":{"allow":["GET"]}}],"collection":[{"href":"https:\/\/www.grundschule-tettens.de\/wordpress\/wp-json\/wp\/v2\/pages"}],"about":[{"href":"https:\/\/www.grundschule-tettens.de\/wordpress\/wp-json\/wp\/v2\/types\/page"}],"author":[{"embeddable":true,"href":"https:\/\/www.grundschule-tettens.de\/wordpress\/wp-json\/wp\/v2\/users\/1"}],"replies":[{"embeddable":true,"href":"https:\/\/www.grundschule-tettens.de\/wordpress\/wp-json\/wp\/v2\/comments?post=100"}],"version-history":[{"count":143,"href":"https:\/\/www.grundschule-tettens.de\/wordpress\/wp-json\/wp\/v2\/pages\/100\/revisions"}],"predecessor-version":[{"id":1408,"href":"https:\/\/www.grundschule-tettens.de\/wordpress\/wp-json\/wp\/v2\/pages\/100\/revisions\/1408"}],"wp:attachment":[{"href":"https:\/\/www.grundschule-tettens.de\/wordpress\/wp-json\/wp\/v2\/media?parent=100"}],"curies":[{"name":"wp","href":"https:\/\/api.w.org\/{rel}","templated":true}]}}