{"id":1573,"date":"2025-01-29T14:17:03","date_gmt":"2025-01-29T13:17:03","guid":{"rendered":"https:\/\/www.grundschule-tettens.de\/wordpress\/?page_id=1573"},"modified":"2026-01-08T12:15:15","modified_gmt":"2026-01-08T11:15:15","slug":"begabtenfoerderung","status":"publish","type":"page","link":"https:\/\/www.grundschule-tettens.de\/wordpress\/begabtenfoerderung\/","title":{"rendered":"Begabtenf\u00f6rderung"},"content":{"rendered":"\n<p>F\u00f6rderung besonderer Begabung<\/p>\n<p>Als Vorstandsmitglied des &#8222;Kooperationsverbundes F\u00f6rderung besonderer Begabung &#8211; Friesland 1&#8220; ist es uns ein besonderes Anliegen, Kinder in ihren individuellen St\u00e4rken zu unterst\u00fctzen und zu f\u00f6rdern. Unser Ziel ist es, allen Sch\u00fclerinnen und Sch\u00fclern die M\u00f6glichkeit zu geben, ihre besonderen Begabungen zu entdecken, weiterzuentwickeln und mit Freude einzusetzen.<\/p>\n<p>An unserer Schule setzen wir das gemeinsame F\u00f6rderkonzept des Verbundes aktiv um. Kinder mit besonderen Begabungen werden sowohl in Poolstunden als auch im regul\u00e4ren Unterricht gezielt gefordert. Dabei orientieren wir uns an ihren pers\u00f6nlichen Lerninteressen und F\u00e4higkeiten und schaffen Lerngelegenheiten, die \u00fcber den Regelunterricht hinausgehen.<\/p>\n<p>Im aktuellen Schuljahr bieten wir insgesamt vier Begabtenf\u00f6rderstunden mit verschiedenen anspruchsvollen und vielf\u00e4ltigen Projekten an:<\/p>\n<p>\u2022 Sch\u00fclerzeitung<\/p>\n<p>\u2022 Imker-AG<\/p>\n<p>\u2022 Robotik<\/p>\n<p>\u2022 Kunststoff-Detektive in Kooperation mit dem RUZ-Schortens.<\/p>\n<p>Diese Angebote stehen allen Grundschulen im Wangerland offen. Zu den Terminen \u2013 die teilweise auch als Blockveranstaltungen stattfinden \u2013 nehmen regelm\u00e4\u00dfig Kinder aus umliegenden Nachbarschulen teil. Ebenso beteiligen sich unsere Sch\u00fclerinnen und Sch\u00fcler an den Angeboten der F\u00f6rderung besonderer Begabung an der Grundschule Hohenkirchen sowie am Mariengymnasium in Jever.<\/p>\n<p>Dar\u00fcber hinaus ist die Begabtenf\u00f6rderung fest im Schulalltag integriert. Ein besonderer Schwerpunkt liegt auf dem individualisierten Lernen. Vor allem in der Eingangsstufe haben die Kinder die M\u00f6glichkeit, sich Inhalte im Unterricht \u2013 begleitet durch die Lehrperson \u2013 in ihrem eigenen Lerntempo zu erarbeiten. So entsteht Raum f\u00fcr selbstst\u00e4ndiges Lernen, individuelle Vertiefung und das Erkennen eigener St\u00e4rken.<\/p>\n<p>Wir verstehen Begabungsf\u00f6rderung als einen wichtigen Bestandteil unseres schulischen Alltags \u2013 offen, wertsch\u00e4tzend und individuell.<\/p>\n","protected":false},"excerpt":{"rendered":"<p>F\u00f6rderung besonderer Begabung Als Vorstandsmitglied des &#8222;Kooperationsverbundes F\u00f6rderung besonderer Begabung &#8211; Friesland 1&#8220; ist es uns ein besonderes Anliegen, Kinder in ihren individuellen St\u00e4rken zu unterst\u00fctzen und zu f\u00f6rdern. Unser Ziel ist es, allen Sch\u00fclerinnen und Sch\u00fclern die M\u00f6glichkeit zu geben, ihre besonderen Begabungen zu entdecken, weiterzuentwickeln und mit Freude einzusetzen. An unserer Schule setzen &hellip; <\/p>\n<p><a class=\"more-link btn\" href=\"https:\/\/www.grundschule-tettens.de\/wordpress\/begabtenfoerderung\/\">Weiterlesen<\/a><\/p>\n","protected":false},"author":4,"featured_media":0,"parent":0,"menu_order":6,"comment_status":"closed","ping_status":"closed","template":"","meta":{"footnotes":""},"class_list":["post-1573","page","type-page","status-publish","hentry","nodate","item-wrap"],"_links":{"self":[{"href":"https:\/\/www.grundschule-tettens.de\/wordpress\/wp-json\/wp\/v2\/pages\/1573","targetHints":{"allow":["GET"]}}],"collection":[{"href":"https:\/\/www.grundschule-tettens.de\/wordpress\/wp-json\/wp\/v2\/pages"}],"about":[{"href":"https:\/\/www.grundschule-tettens.de\/wordpress\/wp-json\/wp\/v2\/types\/page"}],"author":[{"embeddable":true,"href":"https:\/\/www.grundschule-tettens.de\/wordpress\/wp-json\/wp\/v2\/users\/4"}],"replies":[{"embeddable":true,"href":"https:\/\/www.grundschule-tettens.de\/wordpress\/wp-json\/wp\/v2\/comments?post=1573"}],"version-history":[{"count":2,"href":"https:\/\/www.grundschule-tettens.de\/wordpress\/wp-json\/wp\/v2\/pages\/1573\/revisions"}],"predecessor-version":[{"id":1854,"href":"https:\/\/www.grundschule-tettens.de\/wordpress\/wp-json\/wp\/v2\/pages\/1573\/revisions\/1854"}],"wp:attachment":[{"href":"https:\/\/www.grundschule-tettens.de\/wordpress\/wp-json\/wp\/v2\/media?parent=1573"}],"curies":[{"name":"wp","href":"https:\/\/api.w.org\/{rel}","templated":true}]}}