{"id":210,"date":"2017-03-07T14:54:15","date_gmt":"2017-03-07T13:54:15","guid":{"rendered":"http:\/\/grundschule-tettens.de\/wordpress\/?page_id=210"},"modified":"2023-06-19T08:20:55","modified_gmt":"2023-06-19T06:20:55","slug":"die-eingangsstufe","status":"publish","type":"page","link":"https:\/\/www.grundschule-tettens.de\/wordpress\/unsere-schule\/die-eingangsstufe\/","title":{"rendered":"Die Eingangsstufe"},"content":{"rendered":"<p>Zum Schuljahr 2009\/2010 f\u00fchrten wir an unserer Schule die jahrgangsgemischte Eingangsstufe ein. Seitdem werden die Jahrg\u00e4nge eins und zwei in zwei Klassen (Tiger-Klasse und B\u00e4ren-Klasse) gemeinsam unterrichtet. Mit Einf\u00fchrung der Eingangsstufe werden alle schulpflichtigen Kinder eingeschult, kein Kind wird in den Schulkindergarten zur\u00fcckgestellt. Die Eingangsstufe kann in 2 (Regelfall), 3 (mehr Zeit f\u00fcr individuelle Lernentwicklung) Jahren oder auch in einem Jahr (F\u00f6rderung besonders begabter Kinder) durchlaufen werden. Kein Kind bleibt an den \u00dcberg\u00e4ngen allein (es geht immer mit einer Gruppe bekannter Kinder weiter in die n\u00e4chste Klassenstufe), eine Zur\u00fcckstellung ins erste Schuljahr, sowie das alleinige \u00dcberspringen einer Klasse entf\u00e4llt. \u00c4ltere und j\u00fcngere Kinder lernen miteinander und voneinander. Jedes Kind, auch ein Leistungsstarkes, erlebt, dass ein anderes (z.B. \u00e4lteres) Kind mehr kann. Aber auch jedes langsam lernende Kind kann sich als Helfer erleben.<\/p>\n","protected":false},"excerpt":{"rendered":"<p>Zum Schuljahr 2009\/2010 f\u00fchrten wir an unserer Schule die jahrgangsgemischte Eingangsstufe ein. Seitdem werden die Jahrg\u00e4nge eins und zwei in zwei Klassen (Tiger-Klasse und B\u00e4ren-Klasse) gemeinsam unterrichtet. Mit Einf\u00fchrung der Eingangsstufe werden alle schulpflichtigen Kinder eingeschult, kein Kind wird in den Schulkindergarten zur\u00fcckgestellt. Die Eingangsstufe kann in 2 (Regelfall), 3 (mehr Zeit f\u00fcr individuelle Lernentwicklung) &hellip; <\/p>\n<p><a class=\"more-link btn\" href=\"https:\/\/www.grundschule-tettens.de\/wordpress\/unsere-schule\/die-eingangsstufe\/\">Weiterlesen<\/a><\/p>\n","protected":false},"author":8,"featured_media":0,"parent":1232,"menu_order":5,"comment_status":"closed","ping_status":"closed","template":"","meta":{"footnotes":""},"class_list":["post-210","page","type-page","status-publish","hentry","nodate","item-wrap"],"_links":{"self":[{"href":"https:\/\/www.grundschule-tettens.de\/wordpress\/wp-json\/wp\/v2\/pages\/210","targetHints":{"allow":["GET"]}}],"collection":[{"href":"https:\/\/www.grundschule-tettens.de\/wordpress\/wp-json\/wp\/v2\/pages"}],"about":[{"href":"https:\/\/www.grundschule-tettens.de\/wordpress\/wp-json\/wp\/v2\/types\/page"}],"author":[{"embeddable":true,"href":"https:\/\/www.grundschule-tettens.de\/wordpress\/wp-json\/wp\/v2\/users\/8"}],"replies":[{"embeddable":true,"href":"https:\/\/www.grundschule-tettens.de\/wordpress\/wp-json\/wp\/v2\/comments?post=210"}],"version-history":[{"count":2,"href":"https:\/\/www.grundschule-tettens.de\/wordpress\/wp-json\/wp\/v2\/pages\/210\/revisions"}],"predecessor-version":[{"id":600,"href":"https:\/\/www.grundschule-tettens.de\/wordpress\/wp-json\/wp\/v2\/pages\/210\/revisions\/600"}],"up":[{"embeddable":true,"href":"https:\/\/www.grundschule-tettens.de\/wordpress\/wp-json\/wp\/v2\/pages\/1232"}],"wp:attachment":[{"href":"https:\/\/www.grundschule-tettens.de\/wordpress\/wp-json\/wp\/v2\/media?parent=210"}],"curies":[{"name":"wp","href":"https:\/\/api.w.org\/{rel}","templated":true}]}}