{"id":215,"date":"2017-03-07T15:10:07","date_gmt":"2017-03-07T14:10:07","guid":{"rendered":"http:\/\/grundschule-tettens.de\/wordpress\/?page_id=215"},"modified":"2023-06-19T08:20:40","modified_gmt":"2023-06-19T06:20:40","slug":"brueckenjahr","status":"publish","type":"page","link":"https:\/\/www.grundschule-tettens.de\/wordpress\/unsere-schule\/brueckenjahr\/","title":{"rendered":"Br\u00fcckenjahr"},"content":{"rendered":"<p>Auf der Basis eines gemeinsamen Bildungsverst\u00e4ndnisses haben wir zusammen mit den Erzieherinnen ein Konzept zur Gestaltung des \u00dcbergangs vom Kindergarten in die Grundschule erarbeitet. Schon ein Jahr vor der Einschulung kommen die Kinder in die Schule, um dort in einer Lernwerkstatt nach den Prinzipien Maria Montessoris altersgerechte individuelle Lernerfahrungen zu machen. Eine anregende Lernumgebung erm\u00f6glicht individuelles und entdeckendes Lernen. Die intensive Elternbegleitung durch Erzieherinnen und Lehrerinnen auf der Grundlage gemeinsamer Beobachtungen unterst\u00fctzt den \u00dcbergang in die Grundschule. Dar\u00fcber hinaus werden die Kinder \u00fcber gemeinsame Feste, Einladungen zu Projekten und dem gemeinsamen Sportunterricht in den Monaten vor den Sommerferien mit der Schule und den Lehrerinnen vertraut gemacht.<\/p>\n","protected":false},"excerpt":{"rendered":"<p>Auf der Basis eines gemeinsamen Bildungsverst\u00e4ndnisses haben wir zusammen mit den Erzieherinnen ein Konzept zur Gestaltung des \u00dcbergangs vom Kindergarten in die Grundschule erarbeitet. Schon ein Jahr vor der Einschulung kommen die Kinder in die Schule, um dort in einer Lernwerkstatt nach den Prinzipien Maria Montessoris altersgerechte individuelle Lernerfahrungen zu machen. Eine anregende Lernumgebung erm\u00f6glicht &hellip; <\/p>\n<p><a class=\"more-link btn\" href=\"https:\/\/www.grundschule-tettens.de\/wordpress\/unsere-schule\/brueckenjahr\/\">Weiterlesen<\/a><\/p>\n","protected":false},"author":8,"featured_media":0,"parent":1232,"menu_order":4,"comment_status":"closed","ping_status":"closed","template":"","meta":{"footnotes":""},"class_list":["post-215","page","type-page","status-publish","hentry","nodate","item-wrap"],"_links":{"self":[{"href":"https:\/\/www.grundschule-tettens.de\/wordpress\/wp-json\/wp\/v2\/pages\/215","targetHints":{"allow":["GET"]}}],"collection":[{"href":"https:\/\/www.grundschule-tettens.de\/wordpress\/wp-json\/wp\/v2\/pages"}],"about":[{"href":"https:\/\/www.grundschule-tettens.de\/wordpress\/wp-json\/wp\/v2\/types\/page"}],"author":[{"embeddable":true,"href":"https:\/\/www.grundschule-tettens.de\/wordpress\/wp-json\/wp\/v2\/users\/8"}],"replies":[{"embeddable":true,"href":"https:\/\/www.grundschule-tettens.de\/wordpress\/wp-json\/wp\/v2\/comments?post=215"}],"version-history":[{"count":4,"href":"https:\/\/www.grundschule-tettens.de\/wordpress\/wp-json\/wp\/v2\/pages\/215\/revisions"}],"predecessor-version":[{"id":1056,"href":"https:\/\/www.grundschule-tettens.de\/wordpress\/wp-json\/wp\/v2\/pages\/215\/revisions\/1056"}],"up":[{"embeddable":true,"href":"https:\/\/www.grundschule-tettens.de\/wordpress\/wp-json\/wp\/v2\/pages\/1232"}],"wp:attachment":[{"href":"https:\/\/www.grundschule-tettens.de\/wordpress\/wp-json\/wp\/v2\/media?parent=215"}],"curies":[{"name":"wp","href":"https:\/\/api.w.org\/{rel}","templated":true}]}}