{"id":252,"date":"2017-03-14T14:13:29","date_gmt":"2017-03-14T13:13:29","guid":{"rendered":"http:\/\/grundschule-tettens.de\/wordpress\/?page_id=252"},"modified":"2023-06-19T12:04:31","modified_gmt":"2023-06-19T10:04:31","slug":"unterrichtsversaeumnisse","status":"publish","type":"page","link":"https:\/\/www.grundschule-tettens.de\/wordpress\/schultag\/unterrichtsversaeumnisse\/","title":{"rendered":"Unterrichtsvers\u00e4umnisse"},"content":{"rendered":"<p>Im Krankheitsfall m\u00fcssen Sie Ihr Kind telefonisch oder m\u00fcndlich <span style=\"color: #b0cc00;\"><strong>vor dem Unterrichtsbeginn<\/strong><\/span> entschuldigen. Bei l\u00e4ngerer Abwesenheit ist ein \u00e4rztliches Attest notwendig. Abwesenheiten vor und nach den Ferien d\u00fcrfen laut Verordnung nur in H\u00e4rtef\u00e4llen genehmigt werden. Entsprechende Antr\u00e4ge sind rechtzeitig schriftlich an die Schulleitung zu richten.<\/p>\n","protected":false},"excerpt":{"rendered":"<p>Im Krankheitsfall m\u00fcssen Sie Ihr Kind telefonisch oder m\u00fcndlich vor dem Unterrichtsbeginn entschuldigen. Bei l\u00e4ngerer Abwesenheit ist ein \u00e4rztliches Attest notwendig. Abwesenheiten vor und nach den Ferien d\u00fcrfen laut Verordnung nur in H\u00e4rtef\u00e4llen genehmigt werden. Entsprechende Antr\u00e4ge sind rechtzeitig schriftlich an die Schulleitung zu richten.<\/p>\n","protected":false},"author":8,"featured_media":0,"parent":241,"menu_order":5,"comment_status":"closed","ping_status":"closed","template":"","meta":{"footnotes":""},"class_list":["post-252","page","type-page","status-publish","hentry","nodate","item-wrap"],"_links":{"self":[{"href":"https:\/\/www.grundschule-tettens.de\/wordpress\/wp-json\/wp\/v2\/pages\/252","targetHints":{"allow":["GET"]}}],"collection":[{"href":"https:\/\/www.grundschule-tettens.de\/wordpress\/wp-json\/wp\/v2\/pages"}],"about":[{"href":"https:\/\/www.grundschule-tettens.de\/wordpress\/wp-json\/wp\/v2\/types\/page"}],"author":[{"embeddable":true,"href":"https:\/\/www.grundschule-tettens.de\/wordpress\/wp-json\/wp\/v2\/users\/8"}],"replies":[{"embeddable":true,"href":"https:\/\/www.grundschule-tettens.de\/wordpress\/wp-json\/wp\/v2\/comments?post=252"}],"version-history":[{"count":3,"href":"https:\/\/www.grundschule-tettens.de\/wordpress\/wp-json\/wp\/v2\/pages\/252\/revisions"}],"predecessor-version":[{"id":1295,"href":"https:\/\/www.grundschule-tettens.de\/wordpress\/wp-json\/wp\/v2\/pages\/252\/revisions\/1295"}],"up":[{"embeddable":true,"href":"https:\/\/www.grundschule-tettens.de\/wordpress\/wp-json\/wp\/v2\/pages\/241"}],"wp:attachment":[{"href":"https:\/\/www.grundschule-tettens.de\/wordpress\/wp-json\/wp\/v2\/media?parent=252"}],"curies":[{"name":"wp","href":"https:\/\/api.w.org\/{rel}","templated":true}]}}