{"id":287,"date":"2017-03-21T14:24:26","date_gmt":"2017-03-21T13:24:26","guid":{"rendered":"http:\/\/grundschule-tettens.de\/wordpress\/?page_id=287"},"modified":"2023-06-19T12:03:20","modified_gmt":"2023-06-19T10:03:20","slug":"schulleben","status":"publish","type":"page","link":"https:\/\/www.grundschule-tettens.de\/wordpress\/schultag\/unsere-schule-bietet\/schulleben\/","title":{"rendered":"Schulleben"},"content":{"rendered":"\n<p>Die Tetta von Oldersum Schule bietet im Ganztagsbereich f\u00fcr alle Sch\u00fcler ein umfang- und abwechslungsreiches Angebot. Die f\u00fcr Grundsch\u00fcler individuellen und spezifischen Bed\u00fcrfnisse und Interessen werden dabei zugrunde gelegt und neue soziale Kontakte gekn\u00fcpft.<\/p>\n\n\n\n<p>Das gemeinsame Mittagessen wird generationen\u00fcbergreifend an Gruppentischen im benachbarten Dorfgasthof eingenommen.<\/p>\n\n\n<div class=\"wp-block-image details-image\">\n<figure class=\"alignright size-large\"><a href=\"http:\/\/www.grundschule-tettens.de\/wordpress\/wp-content\/uploads\/2023\/06\/bilder-tvos_26_1280_x_1024.jpg\"><img loading=\"lazy\" decoding=\"async\" width=\"1024\" height=\"686\" src=\"http:\/\/www.grundschule-tettens.de\/wordpress\/wp-content\/uploads\/2023\/06\/bilder-tvos_26_1280_x_1024-1024x686.jpg\" alt=\"\" class=\"wp-image-1292\" srcset=\"https:\/\/www.grundschule-tettens.de\/wordpress\/wp-content\/uploads\/2023\/06\/bilder-tvos_26_1280_x_1024-1024x686.jpg 1024w, https:\/\/www.grundschule-tettens.de\/wordpress\/wp-content\/uploads\/2023\/06\/bilder-tvos_26_1280_x_1024-300x201.jpg 300w, https:\/\/www.grundschule-tettens.de\/wordpress\/wp-content\/uploads\/2023\/06\/bilder-tvos_26_1280_x_1024-768x514.jpg 768w, https:\/\/www.grundschule-tettens.de\/wordpress\/wp-content\/uploads\/2023\/06\/bilder-tvos_26_1280_x_1024-750x502.jpg 750w, https:\/\/www.grundschule-tettens.de\/wordpress\/wp-content\/uploads\/2023\/06\/bilder-tvos_26_1280_x_1024.jpg 1280w\" sizes=\"auto, (max-width: 1024px) 100vw, 1024px\" \/><\/a><figcaption class=\"wp-element-caption\">Der Schulgarten<\/figcaption><\/figure><\/div>\n\n\n<p>Dabei erg\u00e4nzen das weitreichende Schulgel\u00e4nde nach dem Konzept der Holunderschule, dem Schulgarten, die alten Streuobstwiesen, die angrenzende Sporthalle, der gro\u00dfe Fu\u00dfballplatz sowie das Tettenser Schwimmbad unser Angebot.<\/p>\n\n\n\n<p>Dar\u00fcber hinaus ist unsere Schule in der Dorfgemeinschaft aktiv und beteiligt sich u.a. am Maifest, Apfelfest, Pfingsten, Erntedankfest, Adventssingen, Faschingsfeier, Weihnachtsmusical f\u00fcr die Senioren, Triathlon, Schulfest sowie mit einem schuleigenen Stand auf dem Weihnachtsmarkt.<\/p>\n","protected":false},"excerpt":{"rendered":"<p>Die Tetta von Oldersum Schule bietet im Ganztagsbereich f\u00fcr alle Sch\u00fcler ein umfang- und abwechslungsreiches Angebot. Die f\u00fcr Grundsch\u00fcler individuellen und spezifischen Bed\u00fcrfnisse und Interessen werden dabei zugrunde gelegt und neue soziale Kontakte gekn\u00fcpft. Das gemeinsame Mittagessen wird generationen\u00fcbergreifend an Gruppentischen im benachbarten Dorfgasthof eingenommen. Dabei erg\u00e4nzen das weitreichende Schulgel\u00e4nde nach dem Konzept der Holunderschule, &hellip; <\/p>\n<p><a class=\"more-link btn\" href=\"https:\/\/www.grundschule-tettens.de\/wordpress\/schultag\/unsere-schule-bietet\/schulleben\/\">Weiterlesen<\/a><\/p>\n","protected":false},"author":8,"featured_media":0,"parent":278,"menu_order":3,"comment_status":"closed","ping_status":"closed","template":"","meta":{"footnotes":""},"class_list":["post-287","page","type-page","status-publish","hentry","nodate","item-wrap"],"_links":{"self":[{"href":"https:\/\/www.grundschule-tettens.de\/wordpress\/wp-json\/wp\/v2\/pages\/287","targetHints":{"allow":["GET"]}}],"collection":[{"href":"https:\/\/www.grundschule-tettens.de\/wordpress\/wp-json\/wp\/v2\/pages"}],"about":[{"href":"https:\/\/www.grundschule-tettens.de\/wordpress\/wp-json\/wp\/v2\/types\/page"}],"author":[{"embeddable":true,"href":"https:\/\/www.grundschule-tettens.de\/wordpress\/wp-json\/wp\/v2\/users\/8"}],"replies":[{"embeddable":true,"href":"https:\/\/www.grundschule-tettens.de\/wordpress\/wp-json\/wp\/v2\/comments?post=287"}],"version-history":[{"count":4,"href":"https:\/\/www.grundschule-tettens.de\/wordpress\/wp-json\/wp\/v2\/pages\/287\/revisions"}],"predecessor-version":[{"id":1293,"href":"https:\/\/www.grundschule-tettens.de\/wordpress\/wp-json\/wp\/v2\/pages\/287\/revisions\/1293"}],"up":[{"embeddable":true,"href":"https:\/\/www.grundschule-tettens.de\/wordpress\/wp-json\/wp\/v2\/pages\/278"}],"wp:attachment":[{"href":"https:\/\/www.grundschule-tettens.de\/wordpress\/wp-json\/wp\/v2\/media?parent=287"}],"curies":[{"name":"wp","href":"https:\/\/api.w.org\/{rel}","templated":true}]}}